{"id":32,"date":"2019-02-09T20:52:24","date_gmt":"2019-02-09T19:52:24","guid":{"rendered":"http:\/\/localhost\/?page_id=32"},"modified":"2019-12-01T11:07:34","modified_gmt":"2019-12-01T11:07:34","slug":"kontakt-und-anfahrt","status":"publish","type":"page","link":"https:\/\/www.gemeindegottes-lahr.de\/?page_id=32","title":{"rendered":"Kontakt und Anfahrt"},"content":{"rendered":"\n<h3>Anschrift<\/h3>\n\n\n\n<div class=\"wp-container-4 wp-block-columns has-3-columns\">\n<div class=\"wp-container-1 wp-block-column\">\n<h4 id=\"mce_8\">Gemeinde Gottes Lahr<\/h4>\n\n\n\n<h4>Einsteinallee 2<\/h4>\n\n\n\n<h4>77933 Lahr<\/h4>\n<\/div>\n\n\n\n<div class=\"wp-container-2 wp-block-column\">\n<figure class=\"wp-block-image is-resized\"><img loading=\"lazy\" src=\"https:\/\/www.gemeindegottes-lahr.de\/wp-content\/uploads\/2019\/03\/qrcode500.png\" alt=\"\" class=\"wp-image-284\" width=\"152\" height=\"152\" srcset=\"https:\/\/www.gemeindegottes-lahr.de\/wp-content\/uploads\/2019\/03\/qrcode500.png 500w, https:\/\/www.gemeindegottes-lahr.de\/wp-content\/uploads\/2019\/03\/qrcode500-150x150.png 150w, https:\/\/www.gemeindegottes-lahr.de\/wp-content\/uploads\/2019\/03\/qrcode500-300x300.png 300w\" sizes=\"(max-width: 152px) 100vw, 152px\" \/><\/figure>\n\n\n\n<p><\/p>\n<\/div>\n\n\n\n<div class=\"wp-container-3 wp-block-column\"><\/div>\n<\/div>\n\n\n\n<h3>Gemeindeleitung<\/h3>\n\n\n\n<p>\n\tDaniel und Marion Schempf, Alex und Sabine Franz<\/p>\n\n\n\n<p> Telefon 07821 9202280<\/p>\n\n\n\n<p>\n\t<a href=\"mailto:info@gemeindegottes-lahr.de\">info@gemeindegottes-lahr.de<br>\n\t<\/a><\/p>\n\n\n\n<h3>Bankverbindung<\/h3>\n\n\n\n<p>\n\tIBAN DE92 6645 0050 0076 0611 51, BIC SOLADES10FG<\/p>\n\n\n\n<h2>Wegskizze<\/h2>\n\n\n\n<figure class=\"wp-block-image\"><img loading=\"lazy\" width=\"639\" height=\"414\" src=\"https:\/\/gemeindegottes-lahr.de\/wp-content\/uploads\/2019\/03\/WegbeschreibungV2.png\" alt=\"\" class=\"wp-image-251\" srcset=\"https:\/\/www.gemeindegottes-lahr.de\/wp-content\/uploads\/2019\/03\/WegbeschreibungV2.png 639w, https:\/\/www.gemeindegottes-lahr.de\/wp-content\/uploads\/2019\/03\/WegbeschreibungV2-300x194.png 300w\" sizes=\"(max-width: 639px) 100vw, 639px\" \/><\/figure>\n\n\n\n<h2>Wegbeschreibung<\/h2>\n\n\n\n<h3><strong>A5 kommend:<\/strong><\/h3>\n\n\n\n<p>Abbiegen auf B415\nRichtung Lahr<\/p>\n\n\n\n<p>Abbiegen auf Dr. Georg-Schaeffler-Stra\u00dfe (Richtung Flugplatz)<\/p>\n\n\n\n<p>Abbiegen am ersten Kreisverkehr in Einsteinallee (bei G\u00fcnther Energie &amp; Services) Richtung Zalando<\/p>\n\n\n\n<p>Bei der Tankstelle bzw. Tanks\u00e4ulen einfach durchfahren. Parken ist hinter dem Geb\u00e4ude m\u00f6glich.<\/p>\n\n\n\n<h3><strong>B415 aus Richtung\nLahr kommend:<\/strong><\/h3>\n\n\n\n<p>Auf der B415\nRichtung A5 fahren,<\/p>\n\n\n\n<p>Letzte Ampel vor der Autobahn rechts Abbiegen in Dr. Georg-Schaeffler-Stra\u00dfe (Richtung Zalando \/ Flugplatz)<\/p>\n\n\n\n<p>Abbiegen am ersten Kreisverkehr in Einsteinallee (bei G\u00fcnther Energie &amp; Services)<\/p>\n\n\n\n<p>Bei der Tankstelle bzw. Tanks\u00e4ulen einfach durchfahren. Parken ist hinter dem Geb\u00e4ude m\u00f6glich.<\/p>\n\n\n\n<h3><strong>Lahr (Stadt) kommend:<\/strong><\/h3>\n\n\n\n<p>Richtung Flugplatz (A5) abbiegen auf die Dr. Georg-Schaeffler-Stra\u00dfe<\/p>\n\n\n\n<p>Kurz vor der A5 abbiegen am Kreisverkehr in die Einsteinallee (bei G\u00fcnther Energie &amp; Services) Richtung Zalando<\/p>\n\n\n\n<p>Bei der Tankstelle bzw. Tanks\u00e4ulen einfach durchfahren. Parken ist hinter dem Geb\u00e4ude m\u00f6glich.<\/p>\n","protected":false},"excerpt":{"rendered":"<p>Anschrift Gemeinde Gottes Lahr Einsteinallee 2 77933 Lahr Gemeindeleitung Daniel und Marion Schempf, Alex und Sabine Franz Telefon 07821 9202280 info@gemeindegottes-lahr.de Bankverbindung IBAN DE92 6645 0050 0076 0611 51, BIC SOLADES10FG Wegskizze Wegbeschreibung A5 kommend: Abbiegen auf B415 Richtung Lahr Abbiegen auf Dr. Georg-Schaeffler-Stra\u00dfe (Richtung Flugplatz) Abbiegen am ersten Kreisverkehr in Einsteinallee (bei G\u00fcnther Energie [&hellip;]<\/p>\n","protected":false},"author":1,"featured_media":0,"parent":0,"menu_order":0,"comment_status":"closed","ping_status":"closed","template":"","meta":[],"_links":{"self":[{"href":"https:\/\/www.gemeindegottes-lahr.de\/index.php?rest_route=\/wp\/v2\/pages\/32"}],"collection":[{"href":"https:\/\/www.gemeindegottes-lahr.de\/index.php?rest_route=\/wp\/v2\/pages"}],"about":[{"href":"https:\/\/www.gemeindegottes-lahr.de\/index.php?rest_route=\/wp\/v2\/types\/page"}],"author":[{"embeddable":true,"href":"https:\/\/www.gemeindegottes-lahr.de\/index.php?rest_route=\/wp\/v2\/users\/1"}],"replies":[{"embeddable":true,"href":"https:\/\/www.gemeindegottes-lahr.de\/index.php?rest_route=%2Fwp%2Fv2%2Fcomments&post=32"}],"version-history":[{"count":14,"href":"https:\/\/www.gemeindegottes-lahr.de\/index.php?rest_route=\/wp\/v2\/pages\/32\/revisions"}],"predecessor-version":[{"id":483,"href":"https:\/\/www.gemeindegottes-lahr.de\/index.php?rest_route=\/wp\/v2\/pages\/32\/revisions\/483"}],"wp:attachment":[{"href":"https:\/\/www.gemeindegottes-lahr.de\/index.php?rest_route=%2Fwp%2Fv2%2Fmedia&parent=32"}],"curies":[{"name":"wp","href":"https:\/\/api.w.org\/{rel}","templated":true}]}}