{"id":17,"date":"2019-02-09T20:42:14","date_gmt":"2019-02-09T19:42:14","guid":{"rendered":"http:\/\/localhost\/?page_id=17"},"modified":"2025-02-20T18:31:17","modified_gmt":"2025-02-20T18:31:17","slug":"imressum","status":"publish","type":"page","link":"https:\/\/www.gemeindegottes-lahr.de\/?page_id=17","title":{"rendered":"Impressum"},"content":{"rendered":"\n<h4> <strong>Gemeinde Gottes Deutschland Kd\u00f6R<\/strong><br> <strong>Schurwaldstra\u00dfe 10<\/strong><br> <strong>73655 Urbach<\/strong><\/h4>\n\n\n\n<p>\n\t<strong>Telefon 07181 98750<\/strong><\/p>\n\n\n\n<p>\n\t<strong>Vertreten durch:<\/strong><br>\n\tMarc Brenner, Pr\u00e4ses<br>\n\tChristian Krumbacher, Stellv. Pr\u00e4ses<br>\n\tDamaris Auw\u00e4rter, Bundessekret\u00e4r<br>\n\tReinhard Oesterling, Bundesfinanzverwalter<\/p>\n\n\n\n<h4>\n\tKontakt<\/h4>\n\n\n\n<p> <strong>Pastor Daniel Schempf<\/strong><br> <strong>Telefon: <\/strong>07821 9202280<br> <strong>E-Mail:<\/strong> <a href=\"mailto:info@gemeindegottes-lahr.de\">info@gemeindegottes-lahr.de<\/a><\/p>\n\n\n\n<h4>\n\tStreitschlichtung<\/h4>\n\n\n\n<p>\n\tWir sind nicht bereit oder verpflichtet, an Streitbeilegungsverfahren vor einer Verbraucherschlichtungsstelle teilzunehmen.<\/p>\n\n\n\n<h4> Urheberrecht<\/h4>\n\n\n\n<p>\n\tDie durch die Seitenbetreiber erstellten Inhalte und Werke auf diesen \nSeiten unterliegen dem deutschen Urheberrecht. Die Vervielf\u00e4ltigung, \nBearbeitung, Verbreitung und jede Art der Verwertung au\u00dferhalb der \nGrenzen des Urheberrechtes bed\u00fcrfen der schriftlichen Zustimmung des \njeweiligen Autors bzw. Erstellers. Downloads und Kopien dieser Seite \nsind nur f\u00fcr den privaten, nicht kommerziellen Gebrauch gestattet.<\/p>\n\n\n\n<p>\n\tSoweit die Inhalte auf dieser Seite nicht vom Betreiber erstellt \nwurden, werden die Urheberrechte Dritter beachtet. Insbesondere werden \nInhalte Dritter als solche gekennzeichnet. Sollten Sie trotzdem auf eine\n Urheberrechtsverletzung aufmerksam werden, bitten wir um einen \nentsprechenden Hinweis. Bei Bekanntwerden von Rechtsverletzungen werden \nwir derartige Inhalte umgehend entfernen.<\/p>\n","protected":false},"excerpt":{"rendered":"<p>Gemeinde Gottes Deutschland Kd\u00f6R Schurwaldstra\u00dfe 10 73655 Urbach Telefon 07181 98750 Vertreten durch: Marc Brenner, Pr\u00e4ses Christian Krumbacher, Stellv. Pr\u00e4ses Damaris Auw\u00e4rter, Bundessekret\u00e4r Reinhard Oesterling, Bundesfinanzverwalter Kontakt Pastor Daniel Schempf Telefon: 07821 9202280 E-Mail: info@gemeindegottes-lahr.de Streitschlichtung Wir sind nicht bereit oder verpflichtet, an Streitbeilegungsverfahren vor einer Verbraucherschlichtungsstelle teilzunehmen. Urheberrecht Die durch die Seitenbetreiber erstellten Inhalte [&hellip;]<\/p>\n","protected":false},"author":1,"featured_media":0,"parent":0,"menu_order":0,"comment_status":"closed","ping_status":"closed","template":"","meta":[],"_links":{"self":[{"href":"https:\/\/www.gemeindegottes-lahr.de\/index.php?rest_route=\/wp\/v2\/pages\/17"}],"collection":[{"href":"https:\/\/www.gemeindegottes-lahr.de\/index.php?rest_route=\/wp\/v2\/pages"}],"about":[{"href":"https:\/\/www.gemeindegottes-lahr.de\/index.php?rest_route=\/wp\/v2\/types\/page"}],"author":[{"embeddable":true,"href":"https:\/\/www.gemeindegottes-lahr.de\/index.php?rest_route=\/wp\/v2\/users\/1"}],"replies":[{"embeddable":true,"href":"https:\/\/www.gemeindegottes-lahr.de\/index.php?rest_route=%2Fwp%2Fv2%2Fcomments&post=17"}],"version-history":[{"count":3,"href":"https:\/\/www.gemeindegottes-lahr.de\/index.php?rest_route=\/wp\/v2\/pages\/17\/revisions"}],"predecessor-version":[{"id":616,"href":"https:\/\/www.gemeindegottes-lahr.de\/index.php?rest_route=\/wp\/v2\/pages\/17\/revisions\/616"}],"wp:attachment":[{"href":"https:\/\/www.gemeindegottes-lahr.de\/index.php?rest_route=%2Fwp%2Fv2%2Fmedia&parent=17"}],"curies":[{"name":"wp","href":"https:\/\/api.w.org\/{rel}","templated":true}]}}