{"id":129,"date":"2019-03-11T18:55:35","date_gmt":"2019-03-11T17:55:35","guid":{"rendered":"http:\/\/localhost\/?page_id=129"},"modified":"2021-08-24T16:57:40","modified_gmt":"2021-08-24T16:57:40","slug":"wir-ueber-uns","status":"publish","type":"page","link":"https:\/\/www.gemeindegottes-lahr.de\/?page_id=129","title":{"rendered":"\u00dcber uns"},"content":{"rendered":"\n<h2>Wer wir sind<\/h2>\n\n\n\n<div class=\"wp-block-image\"><figure class=\"alignright is-resized\"><img loading=\"lazy\" src=\"https:\/\/www.gemeindegottes-lahr.de\/wp-content\/uploads\/2019\/10\/IMG_0180_kleiner.jpg\" alt=\"\" class=\"wp-image-441\" width=\"258\" height=\"344\" srcset=\"https:\/\/www.gemeindegottes-lahr.de\/wp-content\/uploads\/2019\/10\/IMG_0180_kleiner.jpg 598w, https:\/\/www.gemeindegottes-lahr.de\/wp-content\/uploads\/2019\/10\/IMG_0180_kleiner-224x300.jpg 224w\" sizes=\"(max-width: 258px) 100vw, 258px\" \/><\/figure><\/div>\n\n\n\n<p>Oft werde ich gefragt, was unsere Gemeinde ausmacht. Was ist bei uns anders? Ich wei\u00df nicht, ob wir anders sind, aber ich wei\u00df, was wir sind.<br>Wir sind ein gro\u00dfe Familie, in der jeder willkommen ist und jeder seinen Platz hat. Die Bibel nennt das Koinonia &#8211; Gemeinschaft. <\/p>\n\n\n\n<p>D.h. Teil von etwas Gr\u00f6\u00dferem zu sein, ohne dabei seine Identit\u00e4t zu verlieren. Anteil haben und Anteil geben. Ein Zuhause haben, wo man sich selbst sein kann. Dabei ist Gott unser Familienzentrum und sein Sohn Jesus Christus, von dem sich letztlich Vaterschaft und Familie ableitet.<\/p>\n\n\n\n<p>Apropos, vielleicht f\u00e4llt mir doch noch ein, was bei uns anders ist: Ich denke, wir haben den besten Kaffee!<\/p>\n\n\n\n<h2>Was wir tun<\/h2>\n\n\n\n<p>Was wir tun manifestiert sich in den Aktivit\u00e4ten von Einzelnen als Teil der Gemeinschaft oder der Gemeinschaft selbst. Darunter fallen praktische Hilfe f\u00fcr Menschen in Not, missionarische T\u00e4tigkeiten oder einfach Spiel &amp; Spa\u00df Treffen.<\/p>\n\n\n\n<h4>Gemeindeleben<\/h4>\n\n\n\n<div class=\"wp-block-image\"><figure class=\"alignleft is-resized\"><img loading=\"lazy\" src=\"https:\/\/www.gemeindegottes-lahr.de\/wp-content\/uploads\/2019\/10\/IMG_0184_kleiner.jpg\" alt=\"Gemeindeleben\" class=\"wp-image-442\" width=\"364\" height=\"271\" srcset=\"https:\/\/www.gemeindegottes-lahr.de\/wp-content\/uploads\/2019\/10\/IMG_0184_kleiner.jpg 800w, https:\/\/www.gemeindegottes-lahr.de\/wp-content\/uploads\/2019\/10\/IMG_0184_kleiner-300x224.jpg 300w, https:\/\/www.gemeindegottes-lahr.de\/wp-content\/uploads\/2019\/10\/IMG_0184_kleiner-768x574.jpg 768w\" sizes=\"(max-width: 364px) 100vw, 364px\" \/><figcaption>Gemeindeleben<\/figcaption><\/figure><\/div>\n\n\n\n<p>Unser Gemeindeleben dr\u00fcckt sich in den verschiedensten Aktivit\u00e4ten aus, aber vor allem in gelebten Beziehungen und Freundschaften. Deshalb ist f\u00fcr uns der Sonntagsgottesdienst wie ein fr\u00f6hliches Familientreffen, bei dem alle zusammen kommen.<\/p>\n\n\n\n<p>Neben dem sonnt\u00e4glichen Gottesdienst (mit  Kinderbetreuung) besteht unser Gemeindeleben aus vielen anderen Treffen unter der Woche. Wir m\u00f6chten  authentische Beziehungen und Freundschaften leben. Dazu geh\u00f6rt auch das  gem\u00fctliche Miteinander bei Kaffee und Kuchen oder bei einem gemeinsamen Mittagessen wie z.B. unserem &#8222;W\u00fcrstlesonntag&#8220;.<\/p>\n\n\n\n<h4>Regelm\u00e4\u00dfige Veranstaltungen<\/h4>\n\n\n\n<figure class=\"wp-block-table\"><table><tbody><tr><td><strong>Sonntag<\/strong><\/td><td>09:30 Uhr<\/td><td><strong>Gottesdienst mit Kindergottesdienst<\/strong><br><em>Kontakt: Daniel Schempf, 07821 \/ 9202280<\/em><\/td><\/tr><tr><td><strong>Montag<\/strong><\/td><td>19:30 Uhr<\/td><td><strong>Gebetsabend<\/strong> (14-t\u00e4gig)<br><em>Kontakt: Sabine Franz, 07821 \/ 998468<\/em><\/td><\/tr><tr><td><strong>Donnerstag<\/strong><\/td><td>19:30 Uhr<\/td><td><strong>Hauskreis<\/strong> (14-t\u00e4gig)<br><em>Kontakt: Thomas &amp; Lilli Ruddies, 0173 6608501<\/em><\/td><\/tr><tr><td><strong>Freitag<\/strong><\/td><td>20:00 Uhr<\/td><td><strong>Kicker-Treff (Spiel &amp; Spa\u00df Treffen)<\/strong> 1x mtl <br>Kontakt<em>: Alex Franz, 07821 \/ 998468<\/em> <\/td><\/tr><tr><td><strong>Freitag<\/strong><\/td><td>16:00 Uhr<\/td><td><strong>Teenie-Treff<\/strong> (1x mtl)<br>Kontakt<em>: Alex Franz, 07821 \/ 998468<\/em><\/td><\/tr><\/tbody><\/table><\/figure>\n\n\n\n<h4>Andere Veranstaltungen<\/h4>\n\n\n\n<p>Es gibt eine Reihe anderer Treffen und Veranstaltungen wie Frauentreffen, Bastel- und Kreativ-Treffen oder die Coffee-Convention. Hier lohnt es sich, mal einen Blick auf unsere Homepage zu werfen.<\/p>\n\n\n\n<h2>Was wir glauben<\/h2>\n\n\n\n<p>Das Glaubensbekenntnis der Gemeinde  Gottes Lahr basiert ausschlie\u00dflich auf den Lehren der Heiligen  Schrift, der Bibel. Au\u00dferdem identifizieren wir uns mit dem  apostolischen Glaubensbekenntnis der alten Kirche, das von der  \u00fcberwiegenden Zahl der christlichen Konfessionen anerkannt ist.<\/p>\n\n\n\n<p><strong>Wir glauben<\/strong>, dass Gott ein wunderbarer Vater ist. Er\n ist der Sch\u00f6pfer des Himmels und der Erde. Er liebt alle Menschen und \nm\u00f6chte, dass jeder von ihnen eine lebendige Beziehung zu Ihm findet und \nf\u00fcr immer bei Ihm bleibt (Lukas 15).<\/p>\n\n\n\n<p><strong>Wir glauben<\/strong> auch an Seinen Sohn Jesus Christus, der \nvon einer Jungfrau geboren, auf die Erde gekommen ist, um uns Menschen \nvon unserer Distanz zu Gott und unserem Egoismus zu befreien. Er starb \nstellvertretend f\u00fcr uns am Kreuz wegen unseres Fehlverhaltens und ist \nnach drei Tagen auferstanden und mehr als 500 Zeugen leibhaftig \nerschienen. Danach ist er in den Himmel aufgefahren und sitzt zur \nRechten Gottes und regiert von dort aus das Universum in alle Ewigkeit. \nEr hat jetzt alle Gewalt im Himmel und auf der Erde.<\/p>\n\n\n\n<p><strong>Wir glauben<\/strong> an den Heiligen Geist, der f\u00fcr uns \nHelfer, Kraft, Ratgeber, Tr\u00f6ster, Inspirator und Motivator auf der Erde \nist. Er schenkt uns wunderbare Gaben (Charismen) und wirkt \nCharakterver\u00e4nderung (Frucht des Geistes). Er bef\u00e4higt uns zu einem \nnat\u00fcrlich-\u00fcbernat\u00fcrlichem Leben in einer Welt, die von materialistischem\n Denken bestimmt wird. Er gibt uns t\u00e4glich neue Kraft und g\u00f6ttliche \nEnergie.<\/p>\n\n\n\n<p><strong>Wir glauben<\/strong>, dass Jesus Seine Gemeinde auf der Erde baut (Matth\u00e4us 16,18) und dass wir ein Teil des gesamten Leibes Christi weltweit sind.<\/p>\n\n\n\n<p><strong>Wir glauben<\/strong>, dass alle Menschen ges\u00fcndigt haben. \nGott gebietet allen Menschen Umkehr als Voraussetzung zur Vergebung der \nS\u00fcnden. Die Wiedergeburt ist ein Werk des Heiligen Geistes und erfolgt \nauf Grund der Bu\u00dfe und des Glaubens an den Herrn Jesus Christus.<\/p>\n\n\n\n<p><strong>Wir glauben<\/strong> von ganzem Herzen an die Einheit derer, die an Jesus Christus glauben und Ihn verehren.<\/p>\n\n\n\n<p><strong>Wir glauben<\/strong> an die Kraft und die Inspiration der Heiligen Schrift, der Bibel, die Leitfaden f\u00fcr alle Belange unseres Lebens ist.<\/p>\n\n\n\n<p><strong>Wir glauben<\/strong> an ein Leben nach dem Tod. F\u00fcr alle, die\n eine pers\u00f6nliche Glaubensentscheidung zur Nachfolge Jesu Christi \ngetroffen haben, wird&nbsp;es im Paradies unbeschreiblich sch\u00f6n sein.<\/p>\n\n\n\n<p><strong>Wir glauben<\/strong> an die Wichtigkeit der Taufe derer, die gl\u00e4ubig geworden sind.<\/p>\n\n\n\n<p><strong>Wir glauben<\/strong> an die Bedeutung des Abendmahls, in dem wir eine tiefe Verbindung mit dem Geschehen von Golgatha pers\u00f6nlich erfahren.<\/p>\n\n\n\n<p><strong>Wir glauben<\/strong> an die Wiederkunft Jesu als K\u00f6nig und Herrn f\u00fcr alle, die Ihn erwarten.<\/p>\n\n\n\n<p><strong>Wir glauben<\/strong> an ein ewiges Gericht, das auf alle wartet, die sich der Liebe Gottes verweigert haben.<\/p>\n\n\n\n<p><strong>Wir glauben<\/strong>, dass die Liebe Gottes, die Er durch den\n Heiligen Geist in unsere Herzen ausgegossen hat, das Gr\u00f6\u00dfte und \nWichtigste im Leben eines Menschen ist.<\/p>\n","protected":false},"excerpt":{"rendered":"<p>Wer wir sind Oft werde ich gefragt, was unsere Gemeinde ausmacht. Was ist bei uns anders? Ich wei\u00df nicht, ob wir anders sind, aber ich wei\u00df, was wir sind.Wir sind ein gro\u00dfe Familie, in der jeder willkommen ist und jeder seinen Platz hat. Die Bibel nennt das Koinonia &#8211; Gemeinschaft. D.h. Teil von etwas Gr\u00f6\u00dferem [&hellip;]<\/p>\n","protected":false},"author":1,"featured_media":0,"parent":0,"menu_order":0,"comment_status":"closed","ping_status":"closed","template":"","meta":[],"_links":{"self":[{"href":"https:\/\/www.gemeindegottes-lahr.de\/index.php?rest_route=\/wp\/v2\/pages\/129"}],"collection":[{"href":"https:\/\/www.gemeindegottes-lahr.de\/index.php?rest_route=\/wp\/v2\/pages"}],"about":[{"href":"https:\/\/www.gemeindegottes-lahr.de\/index.php?rest_route=\/wp\/v2\/types\/page"}],"author":[{"embeddable":true,"href":"https:\/\/www.gemeindegottes-lahr.de\/index.php?rest_route=\/wp\/v2\/users\/1"}],"replies":[{"embeddable":true,"href":"https:\/\/www.gemeindegottes-lahr.de\/index.php?rest_route=%2Fwp%2Fv2%2Fcomments&post=129"}],"version-history":[{"count":28,"href":"https:\/\/www.gemeindegottes-lahr.de\/index.php?rest_route=\/wp\/v2\/pages\/129\/revisions"}],"predecessor-version":[{"id":539,"href":"https:\/\/www.gemeindegottes-lahr.de\/index.php?rest_route=\/wp\/v2\/pages\/129\/revisions\/539"}],"wp:attachment":[{"href":"https:\/\/www.gemeindegottes-lahr.de\/index.php?rest_route=%2Fwp%2Fv2%2Fmedia&parent=129"}],"curies":[{"name":"wp","href":"https:\/\/api.w.org\/{rel}","templated":true}]}}